{"id":330,"date":"2022-02-16T12:10:28","date_gmt":"2022-02-16T12:10:28","guid":{"rendered":"https:\/\/cantachimutri.org\/?page_id=330"},"modified":"2022-08-29T11:44:28","modified_gmt":"2022-08-29T11:44:28","slug":"actividades","status":"publish","type":"page","link":"https:\/\/cantachimutri.org\/?page_id=330","title":{"rendered":"Actividades"},"content":{"rendered":"<div class=\"wp-block-columns alignfull is-layout-flex wp-container-core-columns-is-layout-9d6595d7 wp-block-columns-is-layout-flex\"><div class=\"wp-block-column is-layout-flow wp-block-column-is-layout-flow\"><\/div><\/div><div class=\"wp-block-columns alignfull are-vertically-aligned-center is-style-twentytwentyone-columns-overlap is-layout-flex wp-container-core-columns-is-layout-9d6595d7 wp-block-columns-is-layout-flex\"><div class=\"wp-block-column is-layout-flow wp-block-column-is-layout-flow\"><\/div><\/div><div class=\"wp-block-columns alignfull is-layout-flex wp-container-core-columns-is-layout-9d6595d7 wp-block-columns-is-layout-flex\"><div class=\"wp-block-column is-layout-flow wp-block-column-is-layout-flow\" style=\"flex-basis:100%\"><div class=\"wp-block-columns alignfull is-layout-flex wp-container-core-columns-is-layout-9d6595d7 wp-block-columns-is-layout-flex\"><div class=\"wp-block-column is-layout-flow wp-block-column-is-layout-flow\"><div class=\"wp-block-columns is-style-default is-layout-flex wp-container-core-columns-is-layout-9d6595d7 wp-block-columns-is-layout-flex\"><div class=\"wp-block-column is-layout-flow wp-block-column-is-layout-flow\"><figure class=\"wp-block-image size-full is-resized is-style-twentytwentyone-border\"><img loading=\"lazy\" decoding=\"async\" src=\"https:\/\/cantachimutri.org\/wp-content\/uploads\/2021\/12\/33.jpg\" alt=\"\" class=\"wp-image-75\" width=\"494\" height=\"538\" srcset=\"https:\/\/cantachimutri.org\/wp-content\/uploads\/2021\/12\/33.jpg 530w, https:\/\/cantachimutri.org\/wp-content\/uploads\/2021\/12\/33-450x491.jpg 450w, https:\/\/cantachimutri.org\/wp-content\/uploads\/2021\/12\/33-275x300.jpg 275w\" sizes=\"auto, (max-width: 494px) 100vw, 494px\" \/><\/figure><\/div>\n\n<div class=\"wp-block-column is-layout-flow wp-block-column-is-layout-flow\"><figure class=\"wp-block-image size-full is-resized is-style-twentytwentyone-border\"><img loading=\"lazy\" decoding=\"async\" src=\"https:\/\/cantachimutri.org\/wp-content\/uploads\/2021\/12\/84.jpg\" alt=\"\" class=\"wp-image-58\" width=\"511\" height=\"534\" srcset=\"https:\/\/cantachimutri.org\/wp-content\/uploads\/2021\/12\/84.jpg 581w, https:\/\/cantachimutri.org\/wp-content\/uploads\/2021\/12\/84-450x470.jpg 450w, https:\/\/cantachimutri.org\/wp-content\/uploads\/2021\/12\/84-287x300.jpg 287w\" sizes=\"auto, (max-width: 511px) 100vw, 511px\" \/><\/figure><\/div><\/div><\/div><\/div>\n\n<p class=\"has-text-align-center\"><\/p><\/div><\/div><div class=\"wp-block-columns alignfull is-style-default is-layout-flex wp-container-core-columns-is-layout-9d6595d7 wp-block-columns-is-layout-flex\"><div class=\"wp-block-column is-layout-flow wp-block-column-is-layout-flow\" style=\"flex-basis:100%\"><p>La Escuela Infantil Intercultural \u2018Can ta Chimutr\u00ed\u2019 cuenta con un amplio patio exterior y sal\u00f3n de actos. En colaboraci\u00f3n con el AMPTA de la Escuela (Asociaci\u00f3n de madres, padres y tutores de alumnos), se organizan diferentes<strong> actividades extraescolares<\/strong> con los ni\u00f1os y ni\u00f1as y sus familias, tales como: Multideporte, Ingl\u00e9s, Reencuentros Montessori, Escuela para familias, excursiones, etc. Las actividades pretenden crear una red social y vecinal, y en algunas de ellas participan antiguos alumnos y alumnas.<\/p>\n<p>El 19 de septiembre comienzan las actividades extraescolares del curso 2022-23. La relaci\u00f3n completa es la siguiente:<\/p>\n<ul>\n<li><strong>Psicomotricidad y movimiento:<\/strong> (mi\u00e9rcoles de 16:00 a 17:00 horas). El importe mensual es de 20,00 \u20ac. De 0 a 3 a\u00f1os.<\/li>\n<li><strong>Reencuentros Montessori:<\/strong> (viernes de 17:00 a 19:00 horas), con la novedad de que <u>tienen lugar dos veces al mes<\/u>. El importe es de 12,00 \u20ac por sesi\u00f3n, y\/o 20,00 mensuales, si acudes a las dos. De 3 a 8 a\u00f1os.<\/li>\n<li><strong>Ingl\u00e9s:<\/strong> (martes de 16:00 a 17:00 horas), El importe mensual es de 20,00 \u20ac mensuales. Trabajamos canciones, expresiones, juegos, etc., aprendiendo mientras nos divertimos. De 0 a 6 a\u00f1os.<\/li>\n<li><strong>Multideporte:<\/strong> (lunes de 16:00 a 17:00 horas). El importe mensual es de 20,00 \u20ac. Los ni\u00f1os y ni\u00f1as conocen diferentes deportes y sus reglas pudiendo as\u00ed definir sus preferencias. De 3 a 6 a\u00f1os.<\/li>\n<li><strong>Ajedrez:<\/strong> (lunes de 17:00 a 18:00 horas), El importe mensual es de 20,00 \u20ac mensuales. Actividad muy recomendable, ya que desarrolla la estrategia y destreza mental. De 3 a 6 a\u00f1os<\/li>\n<li><strong>Apoyo escolar Montessori:<\/strong> (de lunes a jueves, de 17:00 a 18:00 horas), El importe mensual es de 45,00 \u20ac mensuales. Oportunidad para reforzar materias como las matem\u00e1ticas, la lengua o el ingl\u00e9s, a trav\u00e9s de un m\u00e9todo cercano, concreto y que ayuda a nuestros peque\u00f1os y peque\u00f1as a comprender c\u00f3mo funciona el mundo. De 3 a 12 a\u00f1os.<\/li>\n<li><strong>Dibujo y pintura:<\/strong> (martes de 17:00 a 18:00 horas). El importe mensual es de 20,00 \u20ac mensuales. Pensada para ni\u00f1as y ni\u00f1os que se sienten c\u00f3modos\/as trabajando con diferentes t\u00e9cnicas art\u00edsticas, disfrutando e interes\u00e1ndose por dibujar el mundo y lo que lo rodea. De 3 a 6 a\u00f1os<\/li>\n<\/ul>\n<p>IMPORTANTE.- Todas las actividades se realizan si hay un n\u00famero m\u00ednimo de participantes. Se admiten ni\u00f1as y ni\u00f1os que no sean alumnos o alumnas de la Escuela.<\/p>\n<p style=\"text-align: center;\"><strong><a href=\"https:\/\/cantachimutri.org\/wp-content\/uploads\/2022\/08\/Inscripcion2022-2023.pdf\" target=\"_blank\" rel=\"noreferrer noopener\" data-type=\"URL\" data-id=\"https:\/\/cantachimutri.org\/wp-content\/uploads\/2022\/05\/CampamentoVerano2022.pdf\">Ficha de inscripci\u00f3n &#8211; Actividades extraescolares 2022-23<\/a><\/strong><\/p><\/div><\/div><p><\/p>","protected":false},"excerpt":{"rendered":"<p>La Escuela Infantil Intercultural \u2018Can ta Chimutr\u00ed\u2019 cuenta con un amplio patio exterior y sal\u00f3n de actos. En colaboraci\u00f3n con el AMPTA de la Escuela (Asociaci\u00f3n de madres, padres y tutores de alumnos), se organizan diferentes actividades extraescolares con los ni\u00f1os y ni\u00f1as y sus familias, tales como: Multideporte, Ingl\u00e9s, Reencuentros Montessori, Escuela para familias,&hellip; <a class=\"more-link\" href=\"https:\/\/cantachimutri.org\/?page_id=330\">Seguir leyendo <span class=\"screen-reader-text\">Actividades<\/span><\/a><\/p>\n","protected":false},"author":1,"featured_media":0,"parent":0,"menu_order":0,"comment_status":"closed","ping_status":"closed","template":"","meta":{"_uag_custom_page_level_css":"","footnotes":""},"class_list":["post-330","page","type-page","status-publish","hentry","entry"],"jetpack_sharing_enabled":true,"uagb_featured_image_src":{"full":false,"thumbnail":false,"medium":false,"medium_large":false,"large":false,"1536x1536":false,"2048x2048":false,"post-thumbnail":false,"woocommerce_thumbnail":false,"woocommerce_single":false,"woocommerce_gallery_thumbnail":false},"uagb_author_info":{"display_name":"admin","author_link":"https:\/\/cantachimutri.org\/?author=1"},"uagb_comment_info":0,"uagb_excerpt":"La Escuela Infantil Intercultural \u2018Can ta Chimutr\u00ed\u2019 cuenta con un amplio patio exterior y sal\u00f3n de actos. En colaboraci\u00f3n con el AMPTA de la Escuela (Asociaci\u00f3n de madres, padres y tutores de alumnos), se organizan diferentes actividades extraescolares con los ni\u00f1os y ni\u00f1as y sus familias, tales como: Multideporte, Ingl\u00e9s, Reencuentros Montessori, Escuela para familias,&hellip;&hellip;","_links":{"self":[{"href":"https:\/\/cantachimutri.org\/index.php?rest_route=\/wp\/v2\/pages\/330","targetHints":{"allow":["GET"]}}],"collection":[{"href":"https:\/\/cantachimutri.org\/index.php?rest_route=\/wp\/v2\/pages"}],"about":[{"href":"https:\/\/cantachimutri.org\/index.php?rest_route=\/wp\/v2\/types\/page"}],"author":[{"embeddable":true,"href":"https:\/\/cantachimutri.org\/index.php?rest_route=\/wp\/v2\/users\/1"}],"replies":[{"embeddable":true,"href":"https:\/\/cantachimutri.org\/index.php?rest_route=%2Fwp%2Fv2%2Fcomments&post=330"}],"version-history":[{"count":13,"href":"https:\/\/cantachimutri.org\/index.php?rest_route=\/wp\/v2\/pages\/330\/revisions"}],"predecessor-version":[{"id":408,"href":"https:\/\/cantachimutri.org\/index.php?rest_route=\/wp\/v2\/pages\/330\/revisions\/408"}],"wp:attachment":[{"href":"https:\/\/cantachimutri.org\/index.php?rest_route=%2Fwp%2Fv2%2Fmedia&parent=330"}],"curies":[{"name":"wp","href":"https:\/\/api.w.org\/{rel}","templated":true}]}}