{"id":28,"date":"2021-12-31T11:05:17","date_gmt":"2021-12-31T11:05:17","guid":{"rendered":"https:\/\/cantachimutri.org\/?page_id=28"},"modified":"2022-05-12T09:40:03","modified_gmt":"2022-05-12T09:40:03","slug":"create-your-website-with-blocks","status":"publish","type":"page","link":"https:\/\/cantachimutri.org\/","title":{"rendered":"La Escuela"},"content":{"rendered":"<div class=\"wp-block-columns alignfull is-layout-flex wp-container-core-columns-is-layout-9d6595d7 wp-block-columns-is-layout-flex\"><div class=\"wp-block-column is-layout-flow wp-block-column-is-layout-flow\"><div class=\"wp-block-image is-style-twentytwentyone-border\"><figure class=\"aligncenter size-full is-resized\"><img loading=\"lazy\" decoding=\"async\" src=\"https:\/\/cantachimutri.org\/wp-content\/uploads\/2021\/12\/entradaescuela.jpg\" alt=\"\" class=\"wp-image-126\" width=\"804\" height=\"603\" srcset=\"https:\/\/cantachimutri.org\/wp-content\/uploads\/2021\/12\/entradaescuela.jpg 1024w, https:\/\/cantachimutri.org\/wp-content\/uploads\/2021\/12\/entradaescuela-300x225.jpg 300w, https:\/\/cantachimutri.org\/wp-content\/uploads\/2021\/12\/entradaescuela-768x576.jpg 768w, https:\/\/cantachimutri.org\/wp-content\/uploads\/2021\/12\/entradaescuela-600x450.jpg 600w\" sizes=\"auto, (max-width: 804px) 100vw, 804px\" \/><\/figure><\/div><\/div><\/div><div class=\"wp-block-columns alignfull are-vertically-aligned-center is-style-twentytwentyone-columns-overlap is-layout-flex wp-container-core-columns-is-layout-9d6595d7 wp-block-columns-is-layout-flex\"><div class=\"wp-block-column is-layout-flow wp-block-column-is-layout-flow\"><div class=\"wp-block-image is-style-twentytwentyone-border\"><figure class=\"aligncenter size-full is-resized\"><img loading=\"lazy\" decoding=\"async\" src=\"https:\/\/cantachimutri.org\/wp-content\/uploads\/2021\/12\/canta2-1.jpg\" alt=\"\" class=\"wp-image-91\" width=\"801\" height=\"601\" srcset=\"https:\/\/cantachimutri.org\/wp-content\/uploads\/2021\/12\/canta2-1.jpg 1024w, https:\/\/cantachimutri.org\/wp-content\/uploads\/2021\/12\/canta2-1-600x450.jpg 600w, https:\/\/cantachimutri.org\/wp-content\/uploads\/2021\/12\/canta2-1-300x225.jpg 300w, https:\/\/cantachimutri.org\/wp-content\/uploads\/2021\/12\/canta2-1-768x576.jpg 768w\" sizes=\"auto, (max-width: 801px) 100vw, 801px\" \/><\/figure><\/div>\n\n<p><\/p><\/div><\/div><div class=\"wp-block-columns alignfull is-layout-flex wp-container-core-columns-is-layout-9d6595d7 wp-block-columns-is-layout-flex\"><div class=\"wp-block-column is-layout-flow wp-block-column-is-layout-flow\" style=\"flex-basis:100%\"><div class=\"wp-block-columns alignfull is-layout-flex wp-container-core-columns-is-layout-9d6595d7 wp-block-columns-is-layout-flex\"><div class=\"wp-block-column is-layout-flow wp-block-column-is-layout-flow\"><div class=\"wp-block-columns is-layout-flex wp-container-core-columns-is-layout-9d6595d7 wp-block-columns-is-layout-flex\"><div class=\"wp-block-column is-layout-flow wp-block-column-is-layout-flow\"><figure class=\"wp-block-image size-full is-resized is-style-twentytwentyone-border\"><img loading=\"lazy\" decoding=\"async\" src=\"https:\/\/cantachimutri.org\/wp-content\/uploads\/2021\/12\/11.jpg\" alt=\"\" class=\"wp-image-77\" width=\"556\" height=\"525\" srcset=\"https:\/\/cantachimutri.org\/wp-content\/uploads\/2021\/12\/11.jpg 581w, https:\/\/cantachimutri.org\/wp-content\/uploads\/2021\/12\/11-450x425.jpg 450w, https:\/\/cantachimutri.org\/wp-content\/uploads\/2021\/12\/11-300x283.jpg 300w\" sizes=\"auto, (max-width: 556px) 100vw, 556px\" \/><\/figure><\/div>\n\n<div class=\"wp-block-column is-layout-flow wp-block-column-is-layout-flow\"><figure class=\"wp-block-image size-full is-style-twentytwentyone-border\"><img loading=\"lazy\" decoding=\"async\" width=\"581\" height=\"523\" src=\"https:\/\/cantachimutri.org\/wp-content\/uploads\/2021\/12\/escuela19.jpg\" alt=\"\" class=\"wp-image-125\" srcset=\"https:\/\/cantachimutri.org\/wp-content\/uploads\/2021\/12\/escuela19.jpg 581w, https:\/\/cantachimutri.org\/wp-content\/uploads\/2021\/12\/escuela19-300x270.jpg 300w\" sizes=\"auto, (max-width: 581px) 100vw, 581px\" \/><\/figure><\/div><\/div><\/div><\/div><\/div><\/div><div class=\"wp-block-columns alignfull is-layout-flex wp-container-core-columns-is-layout-9d6595d7 wp-block-columns-is-layout-flex\"><div class=\"wp-block-column is-layout-flow wp-block-column-is-layout-flow\" style=\"flex-basis:100%\"><p>Creada en 1985 con sus recursos por la\u00a0<a href=\"https:\/\/www.presenciagitana.org\/\" target=\"_blank\" rel=\"noreferrer noopener\">Asociaci\u00f3n Nacional Presencia Gitana<\/a>\u00a0\u2013ONG promotora, declarada de Utilidad P\u00fablica\u2013, y construida f\u00edsicamente por gitanos y gach\u00e9 \u201cde todos los colores\u201d, la\u00a0<strong>Escuela Infantil Intercultural \u2018Can ta Chimutr\u00ed\u2019<\/strong> (\u2018Sol y Luna\u2019, en roman\u00f3) viene funcionando desde el curso escolar 1985-1986 como un innovador instrumento socio-pedag\u00f3gico intercultural, evolucionario, avanzado y precoz, con gradiente gitano, puesto que fue determinante para la concreci\u00f3n y puesta en marcha de la iniciativa. La finalidad de esta utop\u00eda de <strong>convivencia desde la cuna<\/strong>\u00a0(su lema fundacional) es la acci\u00f3n socio-educativa de calidad, orientada al desarrollo armonioso, al disfrute feliz y \u00f3ptimo de las posibilidades de cada criatura que acoge desde su primera infancia (cuatro meses a seis a\u00f1os), mediante la formaci\u00f3n infantil general b\u00e1sica para la vida en un mundo definitivamente intercultural, en un contexto inclusivo, laico, abierto, igualitario, cooperativo y de mutuo respeto, donde\u00a0<strong>se aprende y ense\u00f1a, se vive y convive en la Cultura de Paz<\/strong>.<\/p>\n<p>Desde 2014, la Escuela incorpora a sus peculiares procedimientos, t\u00e9cnicas y estrategias de trabajo el <strong>M\u00e9todo Montessori<\/strong> de aprendizaje.<\/p>\n<p>&#8220;Can ta Chimutr\u00ed&#8221; es la primera escuela infantil intercultural de Espa\u00f1a, cuya apertura y funcionamiento como centro de Educaci\u00f3n intercultural fue aprobado por la Secretar\u00eda de Estado de Educaci\u00f3n del Ministerio de Educaci\u00f3n y Ciencia (B.O.E. n\u00fam. 88, de 13 de abril de 1994, p\u00e1gina 11.223), con c\u00f3digo de centro n\u00famero 28044951.<\/p>\n<p>La Escuela ha sido reconocida por el\u00a0<strong>Consejo de Europa<\/strong> como buena pr\u00e1ctica educativa a nivel europeo, en el marco del programa Pestalozzi. Asimismo, el 6 de noviembre de 2018 presentamos nuestra escuela en una de las sesiones del <a href=\"https:\/\/www.ciudadesdepaz.com\/wp-content\/uploads\/2020\/08\/Relatoria-II-Foro.pdf\" target=\"_blank\" rel=\"noopener\">II Foro Mundial sobre las Violencias Urbanas y la Educaci\u00f3n para la Convivencia y la Paz<\/a>, celebrado en Madrid, donde fue seleccionada como modelo educativo.<\/p>\n<p><span style=\"background-color: var(--global--color-background); color: var(--global--color-primary); font-family: var(--global--font-secondary); font-size: var(--global--font-size-base);\">Algunos de los objetivos del Proyecto:<\/span><\/p>\n<div class=\"wp-block-columns alignwide\">\n<div class=\"wp-block-column\">\n<ul class=\"has-small-font-size\">\n<li>\n<p><strong>promover<\/strong>\u00a0<strong>la equidad de los futuros ciudadanos desde la m\u00e1s tierna infancia<\/strong>, superar aspectos deficitarios, compensar carencias, eliminar prejuicios y exclusiones, y amortizar diferencias negativas de origen o nivel;<\/p>\n<\/li>\n<li>\n<p><strong>estimula<\/strong>r\u00a0<strong>el desarrollo evolutivo<\/strong>\u00a0de la personalidad del menor (familiar-recibida y aprendida), los buenos h\u00e1bitos y predisposiciones;<\/p>\n<\/li>\n<li>\n<p><strong>potenciar<\/strong>\u00a0<strong>sus capacidades<\/strong>\u00a0y la maduraci\u00f3n de su equilibrio personal cognitivo, afectivo, f\u00edsico, emocional y moral internalizados como modelos de pensamiento y desarrollados en futuras estructuras intelectuales;<\/p>\n<\/li>\n<li>\n<p><strong>propiciar la interacci\u00f3n de la Escuela con la comunidad educativa del territorio donde se ubica y a la que presta sus servicios<\/strong>;<\/p>\n<\/li>\n<li>\n<p><strong>conjugar<\/strong>\u00a0<strong>interactiva y sumativamente la diversidad<\/strong>, con la puesta en com\u00fan de identidades igualmente valiosas y de la diversidad vital concurrente en sus aulas.<\/p>\n<\/li>\n<\/ul>\n<\/div>\n<\/div><\/div><\/div>","protected":false},"excerpt":{"rendered":"<p>Creada en 1985 con sus recursos por la\u00a0Asociaci\u00f3n Nacional Presencia Gitana\u00a0\u2013ONG promotora, declarada de Utilidad P\u00fablica\u2013, y construida f\u00edsicamente por gitanos y gach\u00e9 \u201cde todos los colores\u201d, la\u00a0Escuela Infantil Intercultural \u2018Can ta Chimutr\u00ed\u2019 (\u2018Sol y Luna\u2019, en roman\u00f3) viene funcionando desde el curso escolar 1985-1986 como un innovador instrumento socio-pedag\u00f3gico intercultural, evolucionario, avanzado y precoz,&hellip; <a class=\"more-link\" href=\"https:\/\/cantachimutri.org\/\">Seguir leyendo <span class=\"screen-reader-text\">La Escuela<\/span><\/a><\/p>\n","protected":false},"author":1,"featured_media":0,"parent":0,"menu_order":0,"comment_status":"closed","ping_status":"closed","template":"","meta":{"_uag_custom_page_level_css":"","footnotes":""},"class_list":["post-28","page","type-page","status-publish","hentry","entry"],"jetpack_sharing_enabled":true,"uagb_featured_image_src":{"full":false,"thumbnail":false,"medium":false,"medium_large":false,"large":false,"1536x1536":false,"2048x2048":false,"post-thumbnail":false,"woocommerce_thumbnail":false,"woocommerce_single":false,"woocommerce_gallery_thumbnail":false},"uagb_author_info":{"display_name":"admin","author_link":"https:\/\/cantachimutri.org\/?author=1"},"uagb_comment_info":0,"uagb_excerpt":"Creada en 1985 con sus recursos por la\u00a0Asociaci\u00f3n Nacional Presencia Gitana\u00a0\u2013ONG promotora, declarada de Utilidad P\u00fablica\u2013, y construida f\u00edsicamente por gitanos y gach\u00e9 \u201cde todos los colores\u201d, la\u00a0Escuela Infantil Intercultural \u2018Can ta Chimutr\u00ed\u2019 (\u2018Sol y Luna\u2019, en roman\u00f3) viene funcionando desde el curso escolar 1985-1986 como un innovador instrumento socio-pedag\u00f3gico intercultural, evolucionario, avanzado y precoz,&hellip;&hellip;","_links":{"self":[{"href":"https:\/\/cantachimutri.org\/index.php?rest_route=\/wp\/v2\/pages\/28","targetHints":{"allow":["GET"]}}],"collection":[{"href":"https:\/\/cantachimutri.org\/index.php?rest_route=\/wp\/v2\/pages"}],"about":[{"href":"https:\/\/cantachimutri.org\/index.php?rest_route=\/wp\/v2\/types\/page"}],"author":[{"embeddable":true,"href":"https:\/\/cantachimutri.org\/index.php?rest_route=\/wp\/v2\/users\/1"}],"replies":[{"embeddable":true,"href":"https:\/\/cantachimutri.org\/index.php?rest_route=%2Fwp%2Fv2%2Fcomments&post=28"}],"version-history":[{"count":37,"href":"https:\/\/cantachimutri.org\/index.php?rest_route=\/wp\/v2\/pages\/28\/revisions"}],"predecessor-version":[{"id":436,"href":"https:\/\/cantachimutri.org\/index.php?rest_route=\/wp\/v2\/pages\/28\/revisions\/436"}],"wp:attachment":[{"href":"https:\/\/cantachimutri.org\/index.php?rest_route=%2Fwp%2Fv2%2Fmedia&parent=28"}],"curies":[{"name":"wp","href":"https:\/\/api.w.org\/{rel}","templated":true}]}}