{"id":182,"date":"2021-12-31T19:06:44","date_gmt":"2021-12-31T19:06:44","guid":{"rendered":"https:\/\/cantachimutri.org\/?page_id=182"},"modified":"2022-02-16T12:50:44","modified_gmt":"2022-02-16T12:50:44","slug":"contacto","status":"publish","type":"page","link":"https:\/\/cantachimutri.org\/?page_id=182","title":{"rendered":"Contacto"},"content":{"rendered":"<div class=\"wp-block-columns alignfull is-layout-flex wp-container-core-columns-is-layout-9d6595d7 wp-block-columns-is-layout-flex\"><div class=\"wp-block-column is-layout-flow wp-block-column-is-layout-flow\"><\/div><\/div><div class=\"wp-block-columns alignfull are-vertically-aligned-center is-style-twentytwentyone-columns-overlap is-layout-flex wp-container-core-columns-is-layout-9d6595d7 wp-block-columns-is-layout-flex\"><div class=\"wp-block-column is-layout-flow wp-block-column-is-layout-flow\"><\/div><\/div><div class=\"wp-block-columns alignfull is-layout-flex wp-container-core-columns-is-layout-9d6595d7 wp-block-columns-is-layout-flex\"><div class=\"wp-block-column is-layout-flow wp-block-column-is-layout-flow\" style=\"flex-basis:100%\"><div class=\"wp-block-columns alignfull is-layout-flex wp-container-core-columns-is-layout-9d6595d7 wp-block-columns-is-layout-flex\"><div class=\"wp-block-column is-layout-flow wp-block-column-is-layout-flow\"><div class=\"wp-block-columns is-layout-flex wp-container-core-columns-is-layout-9d6595d7 wp-block-columns-is-layout-flex\"><div class=\"wp-block-column is-layout-flow wp-block-column-is-layout-flow\"><div class=\"wp-block-image is-style-twentytwentyone-border\"><figure class=\"aligncenter size-full is-resized\"><img loading=\"lazy\" decoding=\"async\" src=\"https:\/\/cantachimutri.org\/wp-content\/uploads\/2021\/12\/91.jpg\" alt=\"\" class=\"wp-image-68\" width=\"355\" height=\"499\" srcset=\"https:\/\/cantachimutri.org\/wp-content\/uploads\/2021\/12\/91.jpg 405w, https:\/\/cantachimutri.org\/wp-content\/uploads\/2021\/12\/91-214x300.jpg 214w\" sizes=\"auto, (max-width: 355px) 100vw, 355px\" \/><\/figure><\/div><\/div>\n\n<div class=\"wp-block-column is-layout-flow wp-block-column-is-layout-flow\"><div class=\"wp-block-image is-style-twentytwentyone-border\"><figure class=\"aligncenter size-full is-resized\"><img loading=\"lazy\" decoding=\"async\" src=\"https:\/\/cantachimutri.org\/wp-content\/uploads\/2021\/12\/98.jpg\" alt=\"\" class=\"wp-image-61\" width=\"477\" height=\"502\" srcset=\"https:\/\/cantachimutri.org\/wp-content\/uploads\/2021\/12\/98.jpg 575w, https:\/\/cantachimutri.org\/wp-content\/uploads\/2021\/12\/98-450x473.jpg 450w, https:\/\/cantachimutri.org\/wp-content\/uploads\/2021\/12\/98-285x300.jpg 285w\" sizes=\"auto, (max-width: 477px) 100vw, 477px\" \/><\/figure><\/div><\/div><\/div><\/div><\/div>\n\n<p><\/p><\/div><\/div><div class=\"wp-block-columns alignfull is-layout-flex wp-container-core-columns-is-layout-9d6595d7 wp-block-columns-is-layout-flex\"><div class=\"wp-block-column is-layout-flow wp-block-column-is-layout-flow\" style=\"flex-basis:100%\"><p><strong>Escuela Infantil Intercultural \u00abCan ta Chimutr\u00ed\u00bb<\/strong><br>Calle Ruperto Andr\u00e9s, 6, c\/v. Avda. Juan Andr\u00e9s, 5<br>28035 Madrid (Espa\u00f1a)<br>E-mail: <a href=\"mailto:eiinterculturalcantachimutri@presenciagitana.org\">eiinterculturalcantachimutri@presenciagitana.org<\/a><br>Tel\u00e9fono: (+34) 91 373 82 82<\/p>\n<p><a href=\"https:\/\/www.presenciagitana.org\/\" target=\"_blank\" rel=\"nofollow noopener\">https:\/\/www.presenciagitana.org\/<\/a><\/p>\n\n<div class=\"wp-block-image\"><figure class=\"aligncenter size-full is-resized\"><a href=\"https:\/\/www.instagram.com\/cantachimutrimontessori\" target=\"_blank\" rel=\"noopener\"><img loading=\"lazy\" decoding=\"async\" src=\"https:\/\/cantachimutri.org\/wp-content\/uploads\/2022\/01\/instagram.jpg\" alt=\"\" class=\"wp-image-246\" width=\"101\" height=\"98\" srcset=\"https:\/\/cantachimutri.org\/wp-content\/uploads\/2022\/01\/instagram.jpg 392w, https:\/\/cantachimutri.org\/wp-content\/uploads\/2022\/01\/instagram-300x291.jpg 300w\" sizes=\"auto, (max-width: 101px) 100vw, 101px\" \/><\/a><\/figure><\/div>\n\n<p><\/p><\/div><\/div><div class=\"mapouter\"><div class=\"gmap_canvas\"><iframe loading=\"lazy\" width=\"600\" height=\"500\" id=\"gmap_canvas\" src=\"https:\/\/maps.google.com\/maps?q=escuela%20infantil%20can%20ta%20chimutri&amp;t=&amp;z=13&amp;ie=UTF8&amp;iwloc=&amp;output=embed\" frameborder=\"0\" scrolling=\"no\" marginheight=\"0\" marginwidth=\"0\"><\/iframe><a href=\"https:\/\/fmovies-online.net\">fmovies<\/a><br><style>.mapouter{position:relative;text-align:right;height:500px;width:600px;}<\/style><a href=\"https:\/\/www.embedgooglemap.net\">embed code google map<\/a><style>.gmap_canvas {overflow:hidden;background:none!important;height:500px;width:600px;}<\/style><\/div><\/div><div class=\"wp-block-image is-style-twentytwentyone-border\"><figure class=\"aligncenter size-full\"><img loading=\"lazy\" decoding=\"async\" width=\"569\" height=\"594\" src=\"https:\/\/cantachimutri.org\/wp-content\/uploads\/2021\/12\/14.jpg\" alt=\"\" class=\"wp-image-51\" srcset=\"https:\/\/cantachimutri.org\/wp-content\/uploads\/2021\/12\/14.jpg 569w, https:\/\/cantachimutri.org\/wp-content\/uploads\/2021\/12\/14-450x470.jpg 450w, https:\/\/cantachimutri.org\/wp-content\/uploads\/2021\/12\/14-287x300.jpg 287w\" sizes=\"auto, (max-width: 569px) 100vw, 569px\" \/><\/figure><\/div>","protected":false},"excerpt":{"rendered":"<p>Escuela Infantil Intercultural \u00abCan ta Chimutr\u00ed\u00bbCalle Ruperto Andr\u00e9s, 6, c\/v. Avda. Juan Andr\u00e9s, 528035 Madrid (Espa\u00f1a)E-mail: eiinterculturalcantachimutri@presenciagitana.orgTel\u00e9fono: (+34) 91 373 82 82 https:\/\/www.presenciagitana.org\/ fmovies embed code google map<\/p>\n","protected":false},"author":1,"featured_media":0,"parent":0,"menu_order":0,"comment_status":"closed","ping_status":"closed","template":"","meta":{"_uag_custom_page_level_css":"","footnotes":""},"class_list":["post-182","page","type-page","status-publish","hentry","entry"],"jetpack_sharing_enabled":true,"uagb_featured_image_src":{"full":false,"thumbnail":false,"medium":false,"medium_large":false,"large":false,"1536x1536":false,"2048x2048":false,"post-thumbnail":false,"woocommerce_thumbnail":false,"woocommerce_single":false,"woocommerce_gallery_thumbnail":false},"uagb_author_info":{"display_name":"admin","author_link":"https:\/\/cantachimutri.org\/?author=1"},"uagb_comment_info":0,"uagb_excerpt":"Escuela Infantil Intercultural \u00abCan ta Chimutr\u00ed\u00bbCalle Ruperto Andr\u00e9s, 6, c\/v. Avda. Juan Andr\u00e9s, 528035 Madrid (Espa\u00f1a)E-mail: eiinterculturalcantachimutri@presenciagitana.orgTel\u00e9fono: (+34) 91 373 82 82 https:\/\/www.presenciagitana.org\/ fmovies embed code google map","_links":{"self":[{"href":"https:\/\/cantachimutri.org\/index.php?rest_route=\/wp\/v2\/pages\/182","targetHints":{"allow":["GET"]}}],"collection":[{"href":"https:\/\/cantachimutri.org\/index.php?rest_route=\/wp\/v2\/pages"}],"about":[{"href":"https:\/\/cantachimutri.org\/index.php?rest_route=\/wp\/v2\/types\/page"}],"author":[{"embeddable":true,"href":"https:\/\/cantachimutri.org\/index.php?rest_route=\/wp\/v2\/users\/1"}],"replies":[{"embeddable":true,"href":"https:\/\/cantachimutri.org\/index.php?rest_route=%2Fwp%2Fv2%2Fcomments&post=182"}],"version-history":[{"count":20,"href":"https:\/\/cantachimutri.org\/index.php?rest_route=\/wp\/v2\/pages\/182\/revisions"}],"predecessor-version":[{"id":337,"href":"https:\/\/cantachimutri.org\/index.php?rest_route=\/wp\/v2\/pages\/182\/revisions\/337"}],"wp:attachment":[{"href":"https:\/\/cantachimutri.org\/index.php?rest_route=%2Fwp%2Fv2%2Fmedia&parent=182"}],"curies":[{"name":"wp","href":"https:\/\/api.w.org\/{rel}","templated":true}]}}