{"id":163,"date":"2021-12-31T18:10:53","date_gmt":"2021-12-31T18:10:53","guid":{"rendered":"https:\/\/cantachimutri.org\/?page_id=163"},"modified":"2022-08-29T11:35:43","modified_gmt":"2022-08-29T11:35:43","slug":"informacion","status":"publish","type":"page","link":"https:\/\/cantachimutri.org\/?page_id=163","title":{"rendered":"Informaci\u00f3n"},"content":{"rendered":"<div class=\"wp-block-columns alignfull is-layout-flex wp-container-core-columns-is-layout-9d6595d7 wp-block-columns-is-layout-flex\"><div class=\"wp-block-column is-layout-flow wp-block-column-is-layout-flow\"><p class=\"has-text-align-center has-normal-font-size\"><strong><a href=\"https:\/\/cantachimutri.org\/wp-content\/uploads\/2022\/01\/220105_ProtocoloActuacion-CanTaChimutri.pdf\" data-type=\"URL\" data-id=\"https:\/\/cantachimutri.org\/wp-content\/uploads\/2022\/01\/220105_ProtocoloActuacion-CanTaChimutri.pdf\" target=\"_blank\" rel=\"noreferrer noopener\">Descargue nuestros Protocolos de actuaci\u00f3n COVID-19<\/a><\/strong><\/p><\/div><\/div><div class=\"wp-block-columns alignfull are-vertically-aligned-center is-style-twentytwentyone-columns-overlap is-layout-flex wp-container-core-columns-is-layout-9d6595d7 wp-block-columns-is-layout-flex\"><div class=\"wp-block-column is-layout-flow wp-block-column-is-layout-flow\"><div class=\"wp-block-image is-style-twentytwentyone-border\"><figure class=\"aligncenter size-full\"><img loading=\"lazy\" decoding=\"async\" width=\"553\" height=\"582\" src=\"https:\/\/cantachimutri.org\/wp-content\/uploads\/2021\/12\/85.jpg\" alt=\"\" class=\"wp-image-57\" srcset=\"https:\/\/cantachimutri.org\/wp-content\/uploads\/2021\/12\/85.jpg 553w, https:\/\/cantachimutri.org\/wp-content\/uploads\/2021\/12\/85-450x474.jpg 450w, https:\/\/cantachimutri.org\/wp-content\/uploads\/2021\/12\/85-285x300.jpg 285w\" sizes=\"auto, (max-width: 553px) 100vw, 553px\" \/><\/figure><\/div><\/div><\/div><div class=\"wp-block-columns alignfull is-style-twentytwentyone-columns-overlap is-layout-flex wp-container-core-columns-is-layout-9d6595d7 wp-block-columns-is-layout-flex\"><div class=\"wp-block-column is-layout-flow wp-block-column-is-layout-flow\" style=\"flex-basis:100%\"><div class=\"wp-block-columns alignfull is-style-twentytwentyone-columns-overlap is-layout-flex wp-container-core-columns-is-layout-9d6595d7 wp-block-columns-is-layout-flex\"><div class=\"wp-block-column is-layout-flow wp-block-column-is-layout-flow\"><div class=\"wp-block-columns is-layout-flex wp-container-core-columns-is-layout-9d6595d7 wp-block-columns-is-layout-flex\"><div class=\"wp-block-column is-layout-flow wp-block-column-is-layout-flow\"><figure class=\"wp-block-image size-full is-resized is-style-twentytwentyone-border\"><img loading=\"lazy\" decoding=\"async\" src=\"https:\/\/cantachimutri.org\/wp-content\/uploads\/2021\/12\/82.jpg\" alt=\"\" class=\"wp-image-60\" width=\"432\" height=\"459\" srcset=\"https:\/\/cantachimutri.org\/wp-content\/uploads\/2021\/12\/82.jpg 556w, https:\/\/cantachimutri.org\/wp-content\/uploads\/2021\/12\/82-450x479.jpg 450w, https:\/\/cantachimutri.org\/wp-content\/uploads\/2021\/12\/82-282x300.jpg 282w\" sizes=\"auto, (max-width: 432px) 100vw, 432px\" \/><\/figure><\/div>\n\n<div class=\"wp-block-column is-layout-flow wp-block-column-is-layout-flow\"><figure class=\"wp-block-image size-full is-resized is-style-twentytwentyone-border\"><img loading=\"lazy\" decoding=\"async\" src=\"https:\/\/cantachimutri.org\/wp-content\/uploads\/2021\/12\/55.jpg\" alt=\"\" class=\"wp-image-73\" width=\"361\" height=\"472\" srcset=\"https:\/\/cantachimutri.org\/wp-content\/uploads\/2021\/12\/55.jpg 444w, https:\/\/cantachimutri.org\/wp-content\/uploads\/2021\/12\/55-229x300.jpg 229w\" sizes=\"auto, (max-width: 361px) 100vw, 361px\" \/><\/figure><\/div><\/div><\/div><\/div>\n\n<p><\/p><\/div><\/div><div class=\"wp-block-columns alignfull is-layout-flex wp-container-core-columns-is-layout-9d6595d7 wp-block-columns-is-layout-flex\"><div class=\"wp-block-column is-layout-flow wp-block-column-is-layout-flow\" style=\"flex-basis:100%\"><p>La labor pedag\u00f3gica de nuestra Escuela incluye la gesti\u00f3n de conflictos, promoviendo la convivencia, el respeto a los\/las dem\u00e1s y la consciencia de comunidad. Su acci\u00f3n se completa con la incorporaci\u00f3n de las familias al proceso; en su caso, con la orientaci\u00f3n pedag\u00f3gica y el asesoramiento familiar, profesional y social.<\/p>\n<p>Somos un\u00a0<strong>centro autorizado por la Comunidad de Madrid<\/strong>, compatible con las ayudas a la escolarizaci\u00f3n que concede su Consejer\u00eda de Educaci\u00f3n, Universidades, Ciencia y Portavoc\u00eda. Admitimos cheques guarder\u00eda de Sodexo, Edenred, Cheque Gourmet, Flexoh, etc. Las cuotas est\u00e1n establecidas en funci\u00f3n de los ingresos familiares, con descuento a hermanos.<\/p>\n<p>El\u00a0<strong>horario general de la Escuela es de 09:00 a 16:00 horas<\/strong>, que se ampl\u00eda por la ma\u00f1ana y por la tarde, seg\u00fan necesidades y demanda. Desde el curso 2022-23, la Escuela permanece abierta en los per\u00edodos vacacionales de Navidad y Semana Santa, sin ning\u00fan coste a\u00f1adido a la cuota de escolaridad mensual.<\/p>\n<p>Durante los meses de julio y agosto, se lleva a cabo un\u00a0<strong>Campamento Urbano<\/strong>, tanto para el alumnado de nuestra escuela (con edades comprendidas entre los cuatro meses y los seis a\u00f1os), como para ni\u00f1os y ni\u00f1as que no forman parte del mismo (hasta los doce a\u00f1os).\u00a0<\/p><\/div><\/div><p><\/p>","protected":false},"excerpt":{"rendered":"<p>Descargue nuestros Protocolos de actuaci\u00f3n COVID-19 La labor pedag\u00f3gica de nuestra Escuela incluye la gesti\u00f3n de conflictos, promoviendo la convivencia, el respeto a los\/las dem\u00e1s y la consciencia de comunidad. Su acci\u00f3n se completa con la incorporaci\u00f3n de las familias al proceso; en su caso, con la orientaci\u00f3n pedag\u00f3gica y el asesoramiento familiar, profesional y&hellip; <a class=\"more-link\" href=\"https:\/\/cantachimutri.org\/?page_id=163\">Seguir leyendo <span class=\"screen-reader-text\">Informaci\u00f3n<\/span><\/a><\/p>\n","protected":false},"author":1,"featured_media":0,"parent":0,"menu_order":0,"comment_status":"closed","ping_status":"closed","template":"","meta":{"_uag_custom_page_level_css":"","footnotes":""},"class_list":["post-163","page","type-page","status-publish","hentry","entry"],"jetpack_sharing_enabled":true,"uagb_featured_image_src":{"full":false,"thumbnail":false,"medium":false,"medium_large":false,"large":false,"1536x1536":false,"2048x2048":false,"post-thumbnail":false,"woocommerce_thumbnail":false,"woocommerce_single":false,"woocommerce_gallery_thumbnail":false},"uagb_author_info":{"display_name":"admin","author_link":"https:\/\/cantachimutri.org\/?author=1"},"uagb_comment_info":0,"uagb_excerpt":"Descargue nuestros Protocolos de actuaci\u00f3n COVID-19 La labor pedag\u00f3gica de nuestra Escuela incluye la gesti\u00f3n de conflictos, promoviendo la convivencia, el respeto a los\/las dem\u00e1s y la consciencia de comunidad. Su acci\u00f3n se completa con la incorporaci\u00f3n de las familias al proceso; en su caso, con la orientaci\u00f3n pedag\u00f3gica y el asesoramiento familiar, profesional y&hellip;&hellip;","_links":{"self":[{"href":"https:\/\/cantachimutri.org\/index.php?rest_route=\/wp\/v2\/pages\/163","targetHints":{"allow":["GET"]}}],"collection":[{"href":"https:\/\/cantachimutri.org\/index.php?rest_route=\/wp\/v2\/pages"}],"about":[{"href":"https:\/\/cantachimutri.org\/index.php?rest_route=\/wp\/v2\/types\/page"}],"author":[{"embeddable":true,"href":"https:\/\/cantachimutri.org\/index.php?rest_route=\/wp\/v2\/users\/1"}],"replies":[{"embeddable":true,"href":"https:\/\/cantachimutri.org\/index.php?rest_route=%2Fwp%2Fv2%2Fcomments&post=163"}],"version-history":[{"count":10,"href":"https:\/\/cantachimutri.org\/index.php?rest_route=\/wp\/v2\/pages\/163\/revisions"}],"predecessor-version":[{"id":407,"href":"https:\/\/cantachimutri.org\/index.php?rest_route=\/wp\/v2\/pages\/163\/revisions\/407"}],"wp:attachment":[{"href":"https:\/\/cantachimutri.org\/index.php?rest_route=%2Fwp%2Fv2%2Fmedia&parent=163"}],"curies":[{"name":"wp","href":"https:\/\/api.w.org\/{rel}","templated":true}]}}