{"id":158,"date":"2021-12-31T17:52:21","date_gmt":"2021-12-31T17:52:21","guid":{"rendered":"https:\/\/cantachimutri.org\/?page_id=158"},"modified":"2022-01-19T13:19:33","modified_gmt":"2022-01-19T13:19:33","slug":"metodo-montessori","status":"publish","type":"page","link":"https:\/\/cantachimutri.org\/?page_id=158","title":{"rendered":"M\u00e9todo Montessori"},"content":{"rendered":"<div class=\"wp-block-columns alignfull is-layout-flex wp-container-core-columns-is-layout-9d6595d7 wp-block-columns-is-layout-flex\"><div class=\"wp-block-column is-layout-flow wp-block-column-is-layout-flow\"><div class=\"wp-block-image is-style-twentytwentyone-border\"><figure class=\"aligncenter size-full\"><img loading=\"lazy\" decoding=\"async\" width=\"575\" height=\"605\" src=\"https:\/\/cantachimutri.org\/wp-content\/uploads\/2021\/12\/83.jpg\" alt=\"\" class=\"wp-image-59\" srcset=\"https:\/\/cantachimutri.org\/wp-content\/uploads\/2021\/12\/83.jpg 575w, https:\/\/cantachimutri.org\/wp-content\/uploads\/2021\/12\/83-450x473.jpg 450w, https:\/\/cantachimutri.org\/wp-content\/uploads\/2021\/12\/83-285x300.jpg 285w\" sizes=\"auto, (max-width: 575px) 100vw, 575px\" \/><\/figure><\/div><\/div><\/div><div class=\"wp-block-columns alignfull are-vertically-aligned-center is-style-twentytwentyone-columns-overlap is-layout-flex wp-container-core-columns-is-layout-9d6595d7 wp-block-columns-is-layout-flex\"><div class=\"wp-block-column is-layout-flow wp-block-column-is-layout-flow\"><div class=\"wp-block-image is-style-twentytwentyone-border\"><figure class=\"aligncenter size-full is-resized\"><img decoding=\"async\" src=\"https:\/\/cantachimutri.org\/wp-content\/uploads\/2021\/12\/13.jpg\" alt=\"\" class=\"wp-image-90\" width=\"-149\" height=\"-111\" srcset=\"https:\/\/cantachimutri.org\/wp-content\/uploads\/2021\/12\/13.jpg 1024w, https:\/\/cantachimutri.org\/wp-content\/uploads\/2021\/12\/13-600x450.jpg 600w, https:\/\/cantachimutri.org\/wp-content\/uploads\/2021\/12\/13-300x225.jpg 300w, https:\/\/cantachimutri.org\/wp-content\/uploads\/2021\/12\/13-768x576.jpg 768w\" sizes=\"(max-width: 1024px) 100vw, 1024px\" \/><\/figure><\/div>\n\n<p><\/p><\/div><\/div><div class=\"wp-block-columns alignfull is-layout-flex wp-container-core-columns-is-layout-9d6595d7 wp-block-columns-is-layout-flex\"><div class=\"wp-block-column is-layout-flow wp-block-column-is-layout-flow\" style=\"flex-basis:100%\"><div class=\"wp-block-columns alignfull is-layout-flex wp-container-core-columns-is-layout-9d6595d7 wp-block-columns-is-layout-flex\"><div class=\"wp-block-column is-layout-flow wp-block-column-is-layout-flow\"><div class=\"wp-block-columns is-layout-flex wp-container-core-columns-is-layout-9d6595d7 wp-block-columns-is-layout-flex\"><div class=\"wp-block-column is-layout-flow wp-block-column-is-layout-flow\"><div class=\"wp-block-image is-style-twentytwentyone-border\"><figure class=\"aligncenter size-full is-resized\"><img loading=\"lazy\" decoding=\"async\" src=\"https:\/\/cantachimutri.org\/wp-content\/uploads\/2021\/12\/86.jpg\" alt=\"\" class=\"wp-image-56\" width=\"481\" height=\"500\" srcset=\"https:\/\/cantachimutri.org\/wp-content\/uploads\/2021\/12\/86.jpg 581w, https:\/\/cantachimutri.org\/wp-content\/uploads\/2021\/12\/86-450x468.jpg 450w, https:\/\/cantachimutri.org\/wp-content\/uploads\/2021\/12\/86-289x300.jpg 289w\" sizes=\"auto, (max-width: 481px) 100vw, 481px\" \/><\/figure><\/div><\/div>\n\n<div class=\"wp-block-column is-layout-flow wp-block-column-is-layout-flow\"><div class=\"wp-block-image is-style-twentytwentyone-border\"><figure class=\"aligncenter size-full is-resized\"><img loading=\"lazy\" decoding=\"async\" src=\"https:\/\/cantachimutri.org\/wp-content\/uploads\/2021\/12\/99.jpg\" alt=\"\" class=\"wp-image-69\" width=\"466\" height=\"503\" srcset=\"https:\/\/cantachimutri.org\/wp-content\/uploads\/2021\/12\/99.jpg 524w, https:\/\/cantachimutri.org\/wp-content\/uploads\/2021\/12\/99-450x487.jpg 450w, https:\/\/cantachimutri.org\/wp-content\/uploads\/2021\/12\/99-277x300.jpg 277w\" sizes=\"auto, (max-width: 466px) 100vw, 466px\" \/><\/figure><\/div>\n\n<p><\/p><\/div><\/div><\/div><\/div><\/div><\/div><div class=\"wp-block-columns alignfull is-layout-flex wp-container-core-columns-is-layout-9d6595d7 wp-block-columns-is-layout-flex\"><div class=\"wp-block-column is-layout-flow wp-block-column-is-layout-flow\" style=\"flex-basis:100%\"><p>La Escuela Infantil Intercultural Can ta Chimutr\u00ed incorpora el <strong>M\u00e9todo Montessori<\/strong>, que se centra en acompa\u00f1ar al infante a desarrollar su autonom\u00eda, autorregulaci\u00f3n y autodisciplina. Acogemos a ni\u00f1os y ni\u00f1as de cuatro meses a seis a\u00f1os, agrupados en distintos ambientes, siguiendo los principios formulados por Mar\u00eda Montessori: <strong>Nido, Comunidad Infantil y Casa de Ni\u00f1os<\/strong>.<\/p>\n<p style=\"text-align: left;\">El aula Montessori integra distintas edades, lo que promueve naturalmente la socializaci\u00f3n, el respeto y la solidaridad. El ambiente preparado en que ha de desenvolverse el ni\u00f1o ha de ser organizado cuidadosamente en espacios c\u00e1lidos y luminosos, sencillos, est\u00e9ticos y ordenados, dotados de lenguaje, plantas, arte, m\u00fasica y libros, para fomentar su auto-aprendizaje y su crecimiento, desarrollar su sociabilidad, sus emociones e inteligencia, de tal modo que responda a sus necesidades de orden y seguridad, y a desarrollarse sin la dependencia del adulto. La organizaci\u00f3n del aula en \u00e1reas de trabajo, equipadas con mesas adaptadas a la estatura de los ni\u00f1os para trabajo sentado, prev\u00e9 lugares abiertos para trabajo en el suelo y estanter\u00edas para los materiales en cada sector, organizados de modo sistematizado por escalas de dificultad.<\/p>\n<p>Los peque\u00f1os y peque\u00f1as trabajan con materiales concretos, elegidos libremente en el ambiente, los cuales les permiten explorar el mundo real y desarrollar habilidades cognitivas b\u00e1sicas y el pensamiento abstracto. Los materiales Montessori se dise\u00f1an cient\u00edficamente en un contexto experimental dentro del aula, prestando especial atenci\u00f3n a la etapa evolutiva en que se encuentra cada ni\u00f1o.<\/p>\n<p>Nuestros educadores est\u00e1n formados por la Asociaci\u00f3n Montessori Internacional (AMI). La funci\u00f3n del adulto consiste en guiar al ni\u00f1o con respeto, para que conozca el ambiente y se inserte participativamente en \u00e9l, fomentando el aprendizaje continuo. Los educadores ayudan a los ni\u00f1os y ni\u00f1as a desarrollar su confianza y disciplina interior.\u00a0<\/p>\n<p>La concepci\u00f3n que <strong>Mar\u00eda Montessori<\/strong> tiene del aprendizaje constata que el nivel y tipo de inteligencia de cada individuo se conforma en los primeros a\u00f1os de su vida. A los cinco a\u00f1os \u2013en el ecuador del Segundo Ciclo\u2013, el cerebro del ni\u00f1o alcanza el 80 por cien de su tama\u00f1o adulto. Por ello, para cultivar sus potencialidades, la educaci\u00f3n temprana es fundamental.<\/p>\n<p>\u00a0<\/p><\/div><\/div><p><\/p>","protected":false},"excerpt":{"rendered":"<p>La Escuela Infantil Intercultural Can ta Chimutr\u00ed incorpora el M\u00e9todo Montessori, que se centra en acompa\u00f1ar al infante a desarrollar su autonom\u00eda, autorregulaci\u00f3n y autodisciplina. Acogemos a ni\u00f1os y ni\u00f1as de cuatro meses a seis a\u00f1os, agrupados en distintos ambientes, siguiendo los principios formulados por Mar\u00eda Montessori: Nido, Comunidad Infantil y Casa de Ni\u00f1os. El&hellip; <a class=\"more-link\" href=\"https:\/\/cantachimutri.org\/?page_id=158\">Seguir leyendo <span class=\"screen-reader-text\">M\u00e9todo Montessori<\/span><\/a><\/p>\n","protected":false},"author":1,"featured_media":0,"parent":0,"menu_order":0,"comment_status":"closed","ping_status":"closed","template":"","meta":{"_uag_custom_page_level_css":"","footnotes":""},"class_list":["post-158","page","type-page","status-publish","hentry","entry"],"jetpack_sharing_enabled":true,"uagb_featured_image_src":{"full":false,"thumbnail":false,"medium":false,"medium_large":false,"large":false,"1536x1536":false,"2048x2048":false,"post-thumbnail":false,"woocommerce_thumbnail":false,"woocommerce_single":false,"woocommerce_gallery_thumbnail":false},"uagb_author_info":{"display_name":"admin","author_link":"https:\/\/cantachimutri.org\/?author=1"},"uagb_comment_info":0,"uagb_excerpt":"La Escuela Infantil Intercultural Can ta Chimutr\u00ed incorpora el M\u00e9todo Montessori, que se centra en acompa\u00f1ar al infante a desarrollar su autonom\u00eda, autorregulaci\u00f3n y autodisciplina. Acogemos a ni\u00f1os y ni\u00f1as de cuatro meses a seis a\u00f1os, agrupados en distintos ambientes, siguiendo los principios formulados por Mar\u00eda Montessori: Nido, Comunidad Infantil y Casa de Ni\u00f1os. El&hellip;&hellip;","_links":{"self":[{"href":"https:\/\/cantachimutri.org\/index.php?rest_route=\/wp\/v2\/pages\/158","targetHints":{"allow":["GET"]}}],"collection":[{"href":"https:\/\/cantachimutri.org\/index.php?rest_route=\/wp\/v2\/pages"}],"about":[{"href":"https:\/\/cantachimutri.org\/index.php?rest_route=\/wp\/v2\/types\/page"}],"author":[{"embeddable":true,"href":"https:\/\/cantachimutri.org\/index.php?rest_route=\/wp\/v2\/users\/1"}],"replies":[{"embeddable":true,"href":"https:\/\/cantachimutri.org\/index.php?rest_route=%2Fwp%2Fv2%2Fcomments&post=158"}],"version-history":[{"count":22,"href":"https:\/\/cantachimutri.org\/index.php?rest_route=\/wp\/v2\/pages\/158\/revisions"}],"predecessor-version":[{"id":301,"href":"https:\/\/cantachimutri.org\/index.php?rest_route=\/wp\/v2\/pages\/158\/revisions\/301"}],"wp:attachment":[{"href":"https:\/\/cantachimutri.org\/index.php?rest_route=%2Fwp%2Fv2%2Fmedia&parent=158"}],"curies":[{"name":"wp","href":"https:\/\/api.w.org\/{rel}","templated":true}]}}